{"id":14,"date":"2012-11-14T13:16:43","date_gmt":"2012-11-14T13:16:43","guid":{"rendered":"http:\/\/www.styng.net\/fi\/?page_id=14"},"modified":"2026-03-26T15:16:16","modified_gmt":"2026-03-26T13:16:16","slug":"cv","status":"publish","type":"page","link":"http:\/\/www.styng.net\/fi\/cv\/","title":{"rendered":"CV"},"content":{"rendered":"<p>&nbsp;<\/p>\n<hr>\n<hr>\n<p><strong><span style=\"text-decoration: underline;\">Koulutus:<\/span><\/strong><\/p>\n<p>&#8211; Ylioppilas, Karjasillan lukio, Oulu 1977.<br \/>\n&#8211; Musiikkioppilaitoksen kitaransoiton opettajan tutkinto, Jyv\u00e4skyl\u00e4n konservatorio 1983.<br \/>\n&#8211; Kitaraopintoja Manuel Lopez Ramosin oppilaana Mexico Cityss\u00e4, kes\u00e4 1983.<br \/>\n&#8211; Kitaransoiton A-kurssitutkinto, Sibelius-Akatemia 1984.<br \/>\n&#8211; Kitaraopintoja Arnost Sadlikin oppilaana Prahan konservatoriossa 1985-86.<br \/>\n&#8211; Pop-jazz-opintoja (s\u00e4hk\u00f6kitara) USA:ssa . P\u00e4\u00e4st\u00f6todistus kunniamaininnoin. Musicians Institute, Guitar Institute of Technology 1993.<br \/>\n&#8211; Neuro-Linguistic Programming (NLP) Practitioner -koulutus (132h), Pohjois-Pohjanmaan kes\u00e4yliopisto 1998.<br \/>\n&#8211; Kasvatustieteen aineopinnot, 35 ov. Oulun yliopisto, avoin yliopisto 1999.<br \/>\n&#8211; Musiikkipedagogin tutkinto (amk) Oulun seudun ammattikorkeakoulu 2004.<br \/>\n&#8211; Master of Music &#8211; erikoistumisopinnot (p\u00e4\u00e4aine s\u00e4vellys). Oulun seudun ammattikorkeakoulu 2005.<br \/>\n&#8211; Filosofie magister i musik med inriktning gitarr (Master of fine arts in music with a major in guitar, p\u00e4\u00e4aine s\u00e4vellys). Lule\u00e5 tekniska universitetet\/Musikh\u00f6gskolan i Pite\u00e5 2005.<br \/>\n&#8211; Kuvataiteen perusopinnot. Limingan taidekoulu 2006-2007.<br \/>\n&#8211; Kuvataiteen erikoistumisopinnot. Limingan taidekoulu 2007-2008.<br \/>\n&#8211; WWW ja multimedia ammatilliset erikoistumisopinnot, 30 op. Oulun seudun ammattikorkeakoulu, 2007.<br \/>\n&#8211; Vedic Art opettaja (peruskurssit), 2014.<\/p>\n<p><span style=\"text-decoration: underline;\"><strong>Erityisp\u00e4\u00e4t\u00f6kset:<\/strong><\/span><\/p>\n<p>&#8211; Opetusministeri\u00f6n vahvistama kelpoisuus valtionapus\u00e4\u00e4t\u00f6isen musiikkioppilaitoksen kitaransoiton lehtorin virkaan tai toimeen 1985.<br \/>\n&#8211; Sukunimen muutos (ent. Tykkyl\u00e4inen) Oulun l\u00e4\u00e4ninhallituksen p\u00e4\u00e4t\u00f6ksell\u00e4 1991.<\/p>\n<p><strong><span style=\"text-decoration: underline;\">Ty\u00f6, p\u00e4\u00e4toimiset musiikkialan ty\u00f6teht\u00e4v\u00e4t:<\/span><\/strong><\/p>\n<p>&#8211; L\u00e4nsi-Pohjan musiikkiopisto, Kemi, kitaransoiton opettaja 1980-82.<br \/>\n&#8211; Keski-Pohjanmaan musiikkiopisto, Kokkola, kitaransoiton opettaja 1982-83.<br \/>\n&#8211; Pudasj\u00e4rven kunnan peruskoulu &amp; lukio, musiikin opettaja, syyskuu 1983.<br \/>\n&#8211; Pudasj\u00e4rven kansalaisopisto, musiikin opettaja 1983-84.<br \/>\n&#8211; Mikkelin musiikkiopisto, kitaransoiton opettaja 1984-87.<br \/>\n&#8211; Oulun yliopisto, kitaransoiton opettaja 2000 &#8211; 2019.<\/p>\n<p><strong><span style=\"text-decoration: underline;\">Sivutoimiset ty\u00f6nantajat:<\/span><\/strong><\/p>\n<p>Oulun kansalaisopisto (1978,1994), Keski-Suomen sairaansoito-oppilaitos (1980), Kaustisen musiikkilukio (1982-83), Ylivieskan seudun musiikkiopisto (1989-2000), Jokilaaksojen musiikkiopisto (1994-96), Oulun yliopisto (1994-2000), Oulun taiteilijaseura ry (koordinaattori Roskat Roskikseen -projektissa, syksy 2021).<\/p>\n<p><strong><span style=\"text-decoration: underline;\">Yksityisn\u00e4yttelyt:<\/span><\/strong><\/p>\n<p>&#8211; Nuku kahvio, Oulu, 1999.<br \/>\n&#8211; Pudasj\u00e4rven kaupunginkirjasto, Pudasj\u00e4rvi, 2000.<br \/>\n&#8211; Karjasillan asukastupa, Oulu, 2002.<br \/>\n&#8211; Karjasillan asukastupa, Oulu, 2006.<br \/>\n&#8211; Hailuodon kirjasto, Hailuoto, 2008.<br \/>\n&#8211; Asematunnelin vitriinit, Oulu, 2008.<br \/>\n&#8211; Cafe Saara, Oulu, 2008.<br \/>\n&#8211; Kahvila Il Mundo, Oulu, 2009.<br \/>\n&#8211; Taidegalleria Pudikki, Pudasj\u00e4rvi, 16.1-15.2.2010.<br \/>\n&#8211; Palvelutalo Fregatti, Oulu, veistosn\u00e4yttely, 1.6.-30.8.2010.<br \/>\n&#8211; Myllykirjasto, Tyrn\u00e4v\u00e4, 3.1-28.1.2011.<br \/>\n&#8211; Sarjat kuvissa -n\u00e4yttely Haukiputaan teatterikuopalla 15.3. &#8211; 11.4.2011.<br \/>\n&#8211; Rakkaimmat 2 &#8211; n\u00e4yttely, Galleria 5, Oulu, 30.3. &#8211; 17.4.2011.<br \/>\n&#8211;&nbsp;P\u00e4\u00e4kirjasto, Kempele, 1.9-30.9.2011.<br \/>\n&#8211; P\u00e4\u00e4kirjasto, Oulunsalo, 9.1-28.1.2012.<br \/>\n&#8211;&nbsp;Kaamosgalleria, Kuusamo&nbsp;, 4.5-31.5.2012.<br \/>\n&#8211; Kulttuurikeskus Koivu ja T\u00e4hti, Muhos, 5.11-29.11.2012.<br \/>\n&#8211; Katoppa-asukastupa, Oulu, 3.5-31.7.2013.<br \/>\n&#8211; OTS:n syd\u00e4ntalven taiteilija. T\u00f6it\u00e4 esill\u00e4 Oulun Osuuspankin ikkunassa (Isokatu 14) 01.12.2014-31.01.2015.<br \/>\n&#8211; ARTtilan (Hallituskatu 5, Oulu) joulu-tammikuun taiteilija 17.12.2014-31.01.2015.<br \/>\n&#8211; &#8221;Kierr\u00e4tyst\u00e4&#8221;, Taidekeskus Ahjo, Koksi-sali, Joensuu, 12.05-01.06.2016.<br \/>\n&#8211; Hyv\u00e4n mielen talo (Kauppurienkatu 23, 2 krs. 90100 Oulu, k\u00e4ynti Vaarankadun puolelta) 01.10 &#8211; 10.11.2020.<br \/>\n&#8211; ARTtilan (Hallituskatu 5, Oulu) tammikuun taiteilija 13.01-07.02.2021.<br \/>\n&#8211; &#8221;Peli seis, pilip\u00f6\u00f6&#8221;, Oulun kirjallisuuden talo, Hallituskatu 9, Oulu, 1.6-31.8.2023.<br \/>\n&#8211; &#8221;Mielen lentoa&#8221;, Galleria Oskari Jauhiainen, Kiiminki, 6.9-14.10.2023.<br \/>\n&#8211; &#8221;Imagine&#8221;, Hella-Galleria, Kauhajoki, 1.2-29.2.2024.<br \/>\n&#8211; &#8221;Mielenpistoja&#8221;, P\u00e4\u00e4talo-keskus, Taivalkoski, 20.5 &#8211; 27.6.2024.<br \/>\n&#8211; &#8221;Luomuksia&#8221;, Taidekamari, Hyv\u00e4n olon keskus, Pudasj\u00e4rvi, 01.09 &#8211; 30.09.2024<\/p>\n<p><strong><span style=\"text-decoration: underline;\">Yhteisn\u00e4yttelyt:<\/span><\/strong><\/p>\n<p>&#8211; Limingan taidekoulu, Liminka, kev\u00e4tn\u00e4yttely, 2007.<br \/>\n&#8211; Koljonvirta\/Iisalmi, navettagalleria, kes\u00e4n\u00e4yttely, 2009.<br \/>\n&#8211; Orivesi, kansallinen harrastajataiteen n\u00e4yttely, 26.6 \u2013 2.8.2009.<br \/>\n&#8211; Oulu, Luulajanpuisto, &#8221;Puusta Pudonneet&#8221; &#8211; puuveistosn\u00e4yttely 30.7-27.8. J\u00e4rjest\u00e4j\u00e4 Jorma Styng.&nbsp;<br \/>\n&#8211; Oulu, Kulttuuritalo Valve, INTRO &#8211; Oulun taiteilijaseura -63ry:n uusien j\u00e4senien n\u00e4yttely 3.-26.2.2012.<br \/>\n&#8211; Oulu, Kauppatorin aitat, J\u00e4lki\u00e4 lumessa taidepolku 18.2-11.3.2012.<br \/>\n&#8211; Karesuvanto, Juhannusmorsian ITE-taiteen n\u00e4yttely 22.6-30.9.2012.<br \/>\n&#8211; Kiiminki, Oskari Jauhiaisen museo, &#8221;Syyst\u00e4&#8221;, Oulun taiteilijaseuran yhteisn\u00e4yttely 29.8.-29.9.2012.<br \/>\n&#8211; Kemi, Taidemuseo, PolArt2K &#8211; 2000-luvun poliittisen taiteen n\u00e4yttely 19.10-02.12.2012.<br \/>\n&#8211; Oulu, kulttuuritalo Valve, Oulun taiteilijaseura -63 ry:n ARToulu \u2013 Pohjoisen taiteen teosv\u00e4litystapahtuma 30.11.-2.12.2012.<br \/>\n&#8211; Hyvink\u00e4\u00e4, Taidemuseo, SKjL 2012 vuosin\u00e4yttely, 6.12.2012-27.1.2013<br \/>\n&#8211; Oulu, TAIDELINJAT- ymp\u00e4rist\u00f6taiteen tapahtuma 16.8-31.8.2013.<br \/>\n&#8211; Oulu, Metsolan galleria, &#8221;Enkeli vai mankeli&#8221;, joulukuu 2013 (Jorma Styng, Jaana Kokko).<br \/>\n&#8211; Oulu, kaupunginteatteri, Huhti-toukokuu 2014&nbsp; (Jorma Styng, Hanna Holopainen, Heidi Kesti).<br \/>\n&#8211; Oulu, Kulttuuritalo Valve, Siksi &#8211; Oulun taiteilijaseura -63ry:n vuosin\u00e4yttely, elokuu 2014.<br \/>\n&#8211; Oulu, Uusi Muoti -liike, ikkunan\u00e4yttely, elokuu 2014.<br \/>\n&#8211; Helsinki, Galleria Artika, &#8221;Pinnalla&#8221;, <span class=\"madpages_element madpages_paragraph\">10.3.-29.3.2015<\/span>.<br \/>\n&#8211; Oulu, Galleria 5, &#8221;hOTS &#8211; highlights Of The Summer&#8221;, 27.5-14.6.2015, Oulun taiteilijaseura -63ry.<strong><br \/>\n<\/strong><span class=\"monospace\">&#8211; Pudasj\u00e4rvi, Taidehuone Pohjant\u00e4hti, \u201dPuusta sin\u00e4 olet tullut\u201d -puuveistosn\u00e4yttely 5.6.-1.7.2015. J\u00e4rjest\u00e4j\u00e4: Jorma Styng.<br \/>\n&#8211; Hailuoto, Koulukeskus, \u201dPuusta sin\u00e4 olet tullut\u201d -puuveistosn\u00e4yttely 4.7-30.7.2015. J\u00e4rjest\u00e4j\u00e4: Jorma Styng.<br \/>\n&#8211; Oulu, Luulajanpuisto, \u201dPuusta sin\u00e4 olet tullut\u201d -puuveistosn\u00e4yttely 4.8.-28.8.2015. J\u00e4rjest\u00e4j\u00e4: Jorma Styng.<br \/>\n&#8211; Liminka, Alakestil\u00e4n navettan\u00e4yttely, JATZ &#8211; Iskulehto &#8211; Styng, 4.7-16.8.2015. J\u00e4rjest\u00e4j\u00e4: Juho Arvola.<br \/>\n&#8211; Oulun Taiteilijaseura -63 ry:n yhteisn\u00e4yttely: &#8221;VAPAUS&#8221;, 2.12.2016 \u2013 8.1.2017, Hannu Ahosola, Maija Ker\u00e4nen, Vasili Reskalenko, Jorma Styng, Tiina Vehkaper\u00e4. Kuraattori: Katja Kettu.<br \/>\n&#8211; &#8221;Kurkistus&#8221;, ymp\u00e4rivuotinen veistosn\u00e4yttely, <span class=\"views-field views-field-field-aika\">Oulu, Luulajanpuisto, <\/span><\/span><span class=\"date-display-start\">9.6.2017<\/span> &#8211; <span class=\"date-display-end\">9.6.2018. J\u00e4rjest\u00e4j\u00e4 Jorma Styng yhteisty\u00f6ss\u00e4 Oulun kaupungin kanssa. Taiteilijat: Jorma Styng, Toni Iskulehto, Veikko Laakso, Raine K\u00f6rkk\u00f6, Hannu Ahosola, Reetta Gr\u00f6hn-Soininen, Jouko Keskiaho. Lopetettu toistuvan ilkivallan vuoksi.<br \/>\n&#8211; Kempele, Taiteiden y\u00f6, Viikon mittainen veistosn\u00e4yttely alkaen 26.8.2017. Taiteilijat Jorma Styng, Veikko Laakso ja Raine K\u00f6rkk\u00f6.<br \/>\n&#8211; &#8221;Kurkistus&#8221;, ymp\u00e4rivuotinen veistosn\u00e4yttely ,Oulu, Prunnitori, 21.6.2018 &#8211; . Taiteilijat: Jorma Styng, Toni Iskulehto, Veikko Laakso, Raine K\u00f6rkk\u00f6, Jouko Keskiaho (2026 Styngin, Laakson ja K\u00f6rk\u00f6s veistokset ravintola Tuban edess\u00e4, Iskulehdon ja Styngin ty\u00f6 edelleen Prunnitorilla),&nbsp;<br \/>\n&#8211; &#8221;Talo t\u00e4ynn\u00e4 taidetta&#8221; myyntin\u00e4yttely, Oulu, Galleria 5, 18.3-5.4.2020.<br \/>\n&#8211; &#8221;Luonollisesti&#8221; &#8211; yhteisn\u00e4yttely Marja-Leena Tykkyl\u00e4isen kanssa, Pudasj\u00e4rvi, Galleria Pohjant\u00e4hti, elokuu 2020.<\/span><br \/>\n&#8211; &#8221;Luonollisesti 2&#8221; &#8211; yhteisn\u00e4yttely Marja-Leena Tykkyl\u00e4isen kanssa, Liminka, Vilho Lampi museo, kes\u00e4kuu 2021.<br \/>\n&#8211; &#8221;T\u00e4m\u00e4 Hetki&#8221; &#8211; yhteisn\u00e4yttely Marja-Leena Tykkyl\u00e4isen kanssa, Tyrn\u00e4v\u00e4, Myllykirjaston n\u00e4yttelytila, lokakuu 2021.<br \/>\n&#8211; Talo t\u00e4ynn\u00e4 taidetta -taidemyyntin\u00e4yttely<a href=\"http:\/\/galleria5.artoulu.fi\/nayttely\/talo-taynna-taidetta-oulun-taiteilijaseuran-taidemyyntinayttely\">,<\/a> Oulu, Galleria 5, 23.3-10.4.2022.<br \/>\n&#8211; Unisef hyv\u00e4ntekev\u00e4isyystaiden\u00e4yttely Ukrainan lasten hyv\u00e4ksi, Oulu, kahvila Stockholm, 1.6-20.7.2022.<br \/>\n&#8211; Roskakollektiivi &#8211; yhteisn\u00e4yttely, Oulu, UG Neli\u00f6-Galleria, 3. &#8211; 21.8.2022. Taiteilijat: Kaisu Heikkil\u00e4, Hanna Holopainen, Heidi Kesti, Riikka Kontio, Jorma Styng.<br \/>\n&#8211; <span style=\"font-size: revert; color: initial;\">Talo t\u00e4ynn\u00e4 taidetta -taidemyyntin\u00e4yttely, Oulu, Galleria 5, 5.4 &#8211; 28.4.2023.<\/span><span style=\"font-size: revert; color: initial;\"><br \/>\n&#8211; Talo t\u00e4ynn\u00e4 taidetta &#8211; taidemyyntin\u00e4yttely, Oulu, Galleria 5, 28.2. &#8211; 24.3.2024.<br \/>\n&#8211; <\/span>Suoja \u2013 ryhm\u00e4n\u00e4yttely, Helsinki, Galleria Toinen Silm\u00e4, 7.3 \u2013 31.3.2024.<\/p>\n<p>&#8211; Eliittitaiden\u00e4yttely &#8211; ryhm\u00e4n\u00e4yttely, Galleria 5, Oulu, 16.7 &#8211; 17.8.2025.<\/p>\n<p><span style=\"font-size: revert; color: initial;\">&nbsp;<\/span><\/p>\n<p><strong>Tapahtumia:<\/strong><\/p>\n<p>MUSTEKLUBI TUBASSA TO 14.7.2022, KLO 20-22, KOSKETUSPINTOJA: AMMATTINA LUOJA<\/p>\n<p><strong><span style=\"text-decoration: underline;\">J\u00e4senyydet:<\/span><\/strong><\/p>\n<p>&#8211; Suomen solistiyhdistys (n. 1987 &#8211; 2018)<br \/>\n&#8211; Oulun taiteilijaseura -63 ry (OTS) (j\u00e4sen 2012-)<br \/>\n&#8211; Oulun taiteilijaseura -63 ry (OTS) &#8211; Hallituksen j\u00e4sen (v.2014- 2016 )<br \/>\n&#8211; Suomen N\u00e4ytelm\u00e4kirjailijat ja K\u00e4sikirjoittajat ry (2018 asti)<\/p>\n<p><strong><span style=\"text-decoration: underline;\">Julkiset teokset:<\/span><\/strong><\/p>\n<p>&#8211;&nbsp;<span style=\"text-decoration: underline;\"><a href=\"http:\/\/www.flickr.com\/photos\/luovonkirjastonhoitaja\/5602828465\/lightbox\/\" target=\"_blank\" rel=\"noopener noreferrer\">Hailuodon kunta:&nbsp;<em>Faarastiina<\/em>&nbsp;puuveistos, 2010<\/a>&nbsp;<\/span>. T\u00e4m\u00e4n hetkinen sijainti Kotiseutumuseo Kniivil\u00e4, Marjaniementie 20, 90480 Hailuoto.Tilaaja: Hailuodon kunta.<br \/>\n&#8211; Pudasj\u00e4rven kaupunki: Pastori, 2000, \u00f6ljymaalaus, 130 x 125cm. Sijainti: Karhupaja, Teollisuustie 12, 93100 Pudasj\u00e4rvi.<br \/>\n&#8211; Valtion taideteostoimikunnan kokoelma: Siirtolaiset, 2014, pronssi, 6,5 \u00d7 16 \u00d7 8,4 cm (<a href=\"https:\/\/www.kansallisgalleria.fi\/fi\/object\/3320124\">https:\/\/www.kansallisgalleria.fi\/fi\/object\/3320124<\/a>).<br \/>\n&#8211; Haapaveden kaupunki: &#8221;Kalle Ahola&#8221; veistos. Yhteis\u00f6 ja kerhotila Olokkari.<br \/>\n&#8211; Taivalkoski: &#8221;Luonto&#8221; puuveistos\/reliefi, taidepuisto (avajaiset syyskuussa 2024).<\/p>\n<p><strong><span style=\"text-decoration: underline;\">Teatteritoimintaa:<\/span><\/strong><\/p>\n<p>&#8211; Oulunsalon teatteri, 2009-2010.<br \/>\n&#8211; Nuu-teatteri, Kempele, 2010-2013.<br \/>\n&#8211; Oulun ty\u00f6v\u00e4en n\u00e4ytt\u00e4m\u00f6, 2014-2016.<\/p>\n<p><strong>Julkaistuja s\u00e4vellyksi\u00e4:<\/strong><\/p>\n<p><a href=\"https:\/\/core.musicfinland.fi\/composers\/jorma-styng\">https:\/\/core.musicfinland.fi\/composers\/jorma-styng<\/a><\/p>\n<p><strong><span style=\"text-decoration: underline;\">Julkaistuja kuvia:<\/span><\/strong><\/p>\n<p>&#8211; Piirroksia ja maalauksia kirjassa \u201dEl\u00e4m\u00e4n makuinen\u201d (julk. Limingan taidekoulun kirjoittajalinja, ISBN 978-952-67041-1-1).<br \/>\n&#8211; \u00d6ljymalaus &#8221;Wonderful today&#8221; kes\u00e4kuun kuvana Pohjoista voimaa -kalenterissa 2013.<br \/>\n&#8211; Kulttuurilehti Kaltion kansitaiteilija 4\/2013.<\/p>\n<p><strong>Julkaistuja kirjoituksia:<\/strong><\/p>\n<p>&#8211; &#8221;El\u00e4m\u00e4ni kala&#8221; -novelli &#8221;Iso Siika&#8221; -kirjassa (kust. Maahenki Oy 2013, ISBN 978-952-5870-98-0).<\/p>\n<p>&nbsp;<\/p>\n<p>&nbsp;<\/p>\n","protected":false},"excerpt":{"rendered":"<p>&nbsp; Koulutus: &#8211; Ylioppilas, Karjasillan lukio, Oulu 1977. &#8211; Musiikkioppilaitoksen kitaransoiton opettajan tutkinto, Jyv\u00e4skyl\u00e4n konservatorio 1983. &#8211; Kitaraopintoja Manuel Lopez Ramosin oppilaana Mexico Cityss\u00e4, kes\u00e4 1983. &#8211; Kitaransoiton A-kurssitutkinto, Sibelius-Akatemia [&hellip;]<\/p>\n","protected":false},"author":1,"featured_media":0,"parent":0,"menu_order":0,"comment_status":"closed","ping_status":"closed","template":"","meta":{"_crdt_document":"","ngg_post_thumbnail":0,"footnotes":""},"class_list":["post-14","page","type-page","status-publish","hentry"],"_links":{"self":[{"href":"http:\/\/www.styng.net\/fi\/wp-json\/wp\/v2\/pages\/14","targetHints":{"allow":["GET"]}}],"collection":[{"href":"http:\/\/www.styng.net\/fi\/wp-json\/wp\/v2\/pages"}],"about":[{"href":"http:\/\/www.styng.net\/fi\/wp-json\/wp\/v2\/types\/page"}],"author":[{"embeddable":true,"href":"http:\/\/www.styng.net\/fi\/wp-json\/wp\/v2\/users\/1"}],"replies":[{"embeddable":true,"href":"http:\/\/www.styng.net\/fi\/wp-json\/wp\/v2\/comments?post=14"}],"version-history":[{"count":73,"href":"http:\/\/www.styng.net\/fi\/wp-json\/wp\/v2\/pages\/14\/revisions"}],"predecessor-version":[{"id":3347,"href":"http:\/\/www.styng.net\/fi\/wp-json\/wp\/v2\/pages\/14\/revisions\/3347"}],"wp:attachment":[{"href":"http:\/\/www.styng.net\/fi\/wp-json\/wp\/v2\/media?parent=14"}],"curies":[{"name":"wp","href":"https:\/\/api.w.org\/{rel}","templated":true}]}}