{"id":17,"date":"2012-11-14T13:18:44","date_gmt":"2012-11-14T13:18:44","guid":{"rendered":"http:\/\/www.styng.net\/fi\/?page_id=17"},"modified":"2021-12-23T18:03:07","modified_gmt":"2021-12-23T16:03:07","slug":"julkaisut","status":"publish","type":"page","link":"http:\/\/www.styng.net\/fi\/julkaisut\/","title":{"rendered":"Julkaisut"},"content":{"rendered":"<hr>\n<p><strong><span style=\"text-decoration: underline;\">Levytykset:<\/span><\/strong><\/p>\n<p>Baroque and 20th century music. LP-levy, 1987, JOLP 871. Ei en\u00e4\u00e4 saatavana.<\/p>\n<p>Jorma Tykkyl\u00e4inen plays Baden Powell. C-kasetti, 1988, JOMC 882. Ei en\u00e4\u00e4 saatavana.<\/p>\n<p>Against the wind\/Vasten tuulta. CD-levy, 1990, JOCD 903. Ei en\u00e4\u00e4 saatavana.<\/p>\n<p>Looking back. CD-levy, 2004, JOCD 404.<br \/>\nTILATTAVISSA KITARISTIEN VERKKOKAUPASTA (<a href=\"http:\/\/www.musiikkitoteemi.fi\/kauppa2\/?p=productsList&amp;iCategory=2&amp;page=7\" target=\"_blank\" rel=\"noopener\">www.musiikkitoteemi.fi<\/a>).<\/p>\n<p><strong><span style=\"text-decoration: underline;\"><img loading=\"lazy\" decoding=\"async\" src=\"http:\/\/www.styng.net\/images\/stories\/JOLP.jpg\" alt=\"suurenna kuva n\u00e4p\u00e4ytt\u00e4m\u00e4ll\u00e4.\" width=\"150\" height=\"150\" border=\"0\"><\/span><\/strong>&nbsp;&nbsp;&nbsp; &nbsp;<img loading=\"lazy\" decoding=\"async\" src=\"http:\/\/www.styng.net\/images\/stories\/JOMCFINAL.jpg\" alt=\"suurenna kuva n\u00e4p\u00e4ytt\u00e4m\u00e4ll\u00e4.\" width=\"50\" height=\"76\" border=\"0\">&nbsp;&nbsp;&nbsp;&nbsp;<img decoding=\"async\" src=\"http:\/\/www.styng.net\/images\/stories\/JOCDFINAL.jpg\" alt=\"suurenna kuva n\u00e4p\u00e4ytt\u00e4m\u00e4ll\u00e4.\" width=\"100\" border=\"0\">&nbsp;&nbsp;&nbsp;&nbsp;<img loading=\"lazy\" decoding=\"async\" src=\"http:\/\/www.styng.net\/images\/stories\/lookingcdFINAL.jpg\" alt=\"suurenna kuva n\u00e4p\u00e4ytt\u00e4m\u00e4ll\u00e4.\" width=\"93\" height=\"100\" border=\"0\"><strong><span style=\"text-decoration: underline;\"><br \/>\n<\/span><\/strong><\/p>\n<hr>\n<p>Mukana muiden levyill\u00e4<\/p>\n<p>Kollaboratorio, Jouni Kesti ensemble plays Jouni Kesti. CD-levy, 1994, Jase-CD 0021.<\/p>\n<p>Unique Music from the University of Oulu. CD-levy, 2001, OYCD011.<\/p>\n<p><img decoding=\"async\" src=\"http:\/\/www.styng.net\/images\/stories\/Benzinheaven.jpg\" alt=\"suurenna kuva n\u00e4p\u00e4ytt\u00e4m\u00e4ll\u00e4.\" width=\"100\" border=\"0\">&nbsp;&nbsp;&nbsp;&nbsp;&nbsp;&nbsp;<img decoding=\"async\" src=\"http:\/\/www.styng.net\/images\/stories\/Uniqueunivers.jpg\" alt=\"suurenna kuva n\u00e4p\u00e4ytt\u00e4m\u00e4ll\u00e4.\" width=\"100\" border=\"0\"><\/p>\n<hr>\n<p>Oppikirjat<\/p>\n<p>Vapaa s\u00e4estys ja melodiasoitto kitaralla. Oulun yliopisto, musiikkikasvatuksen koulutus, 1997. ISBN 951-42-4821-X. Ei saatavana.<\/p>\n<p>Pop\/jazz -improvisaatio kitaralla ja muilla g-klaavin soittimilla. Oulun yliopisto, musiikkikasvatuksen koulutus, 1998. ISBN 951-42-5074-5. Ei saatavana.<\/p>\n<p><strong><span style=\"text-decoration: underline;\"><img loading=\"lazy\" decoding=\"async\" src=\"http:\/\/www.styng.net\/images\/stories\/vapariFINAL.jpg\" alt=\"suurenna kuva n\u00e4p\u00e4ytt\u00e4m\u00e4ll\u00e4\" width=\"99\" height=\"140\" border=\"0\"><\/span><\/strong>&nbsp;&nbsp;&nbsp;&nbsp;&nbsp;<img loading=\"lazy\" decoding=\"async\" src=\"http:\/\/www.styng.net\/images\/stories\/IMPPATOSIFINAL.jpg\" alt=\"suurenna kuva n\u00e4p\u00e4ytt\u00e4m\u00e4ll\u00e4.\" width=\"95\" height=\"140\" border=\"0\"> &nbsp;<\/p>\n<p><strong>S\u00e4vellyksien nuottijulkaisut<\/strong><\/p>\n<p><a href=\"https:\/\/core.musicfinland.fi\/composers\/jorma-styng\">https:\/\/core.musicfinland.fi\/composers\/jorma-styng<\/a><\/p>\n<p><strong>Nuottikirja, jossa mukana Kasvatuslaulu (luultavasti ei saatavana)<\/strong><\/p>\n<p><img loading=\"lazy\" decoding=\"async\" class=\"\" src=\"http:\/\/www.styng.net\/images\/stories\/Uniquenuotit.jpg\" alt=\"suurenna kuva n\u00e4p\u00e4ytt\u00e4m\u00e4ll\u00e4.\" width=\"205\" height=\"289\" border=\"0\"><\/p>\n<p>&nbsp;<\/p>\n<p>&nbsp;<\/p>\n<p>&nbsp;<\/p>\n<p>&nbsp;<\/p>\n<p>&nbsp;<\/p>\n<p>&nbsp;<\/p>\n<p>&nbsp;<\/p>\n<p>&nbsp;<\/p>\n<p>&nbsp;<\/p>\n<p>&nbsp;<\/p>\n<p>&nbsp;<\/p>\n<p>&nbsp;<\/p>\n","protected":false},"excerpt":{"rendered":"<p>Levytykset: Baroque and 20th century music. LP-levy, 1987, JOLP 871. Ei en\u00e4\u00e4 saatavana. Jorma Tykkyl\u00e4inen plays Baden Powell. C-kasetti, 1988, JOMC 882. Ei en\u00e4\u00e4 saatavana. Against the wind\/Vasten tuulta. CD-levy, [&hellip;]<\/p>\n","protected":false},"author":1,"featured_media":0,"parent":0,"menu_order":0,"comment_status":"closed","ping_status":"closed","template":"","meta":{"_crdt_document":"","ngg_post_thumbnail":0,"footnotes":""},"class_list":["post-17","page","type-page","status-publish","hentry"],"_links":{"self":[{"href":"http:\/\/www.styng.net\/fi\/wp-json\/wp\/v2\/pages\/17","targetHints":{"allow":["GET"]}}],"collection":[{"href":"http:\/\/www.styng.net\/fi\/wp-json\/wp\/v2\/pages"}],"about":[{"href":"http:\/\/www.styng.net\/fi\/wp-json\/wp\/v2\/types\/page"}],"author":[{"embeddable":true,"href":"http:\/\/www.styng.net\/fi\/wp-json\/wp\/v2\/users\/1"}],"replies":[{"embeddable":true,"href":"http:\/\/www.styng.net\/fi\/wp-json\/wp\/v2\/comments?post=17"}],"version-history":[{"count":19,"href":"http:\/\/www.styng.net\/fi\/wp-json\/wp\/v2\/pages\/17\/revisions"}],"predecessor-version":[{"id":2755,"href":"http:\/\/www.styng.net\/fi\/wp-json\/wp\/v2\/pages\/17\/revisions\/2755"}],"wp:attachment":[{"href":"http:\/\/www.styng.net\/fi\/wp-json\/wp\/v2\/media?parent=17"}],"curies":[{"name":"wp","href":"https:\/\/api.w.org\/{rel}","templated":true}]}}