{"id":31,"date":"2012-11-14T14:13:52","date_gmt":"2012-11-14T12:13:52","guid":{"rendered":"http:\/\/www.styng.net\/fi\/?page_id=31"},"modified":"2023-01-26T09:37:02","modified_gmt":"2023-01-26T07:37:02","slug":"musiikkinaytteet","status":"publish","type":"page","link":"http:\/\/www.styng.net\/fi\/musiikkinaytteet\/","title":{"rendered":"Musiikkin\u00e4ytteet"},"content":{"rendered":"<div id=\"mp3jWrap_0\" class=\"mjp-s-wrapper s-graphic unsel-mjp  verdana-mjp\" style=\"font-size:14px;\"><span id=\"playpause_wrap_mp3j_0\" class=\"wrap_inline_mp3j\" style=\"font-weight:700;\"><span class=\"gfxbutton_mp3j play-mjp\" id=\"playpause_mp3j_0\" style=\"font-size:14px;\">&nbsp;&nbsp;&nbsp;&nbsp;&nbsp;<\/span>&nbsp;<span class=\"group_wrap\"><span class=\"bars_mp3j\"><span class=\"loadB_mp3j\" id=\"load_mp3j_0\"><\/span><span class=\"posbarB_mp3j\" id=\"posbar_mp3j_0\"><\/span><\/span><span class=\"T_mp3j\" id=\"T_mp3j_0\" style=\"font-size:14px;\">1. Kitarakonsertto<\/span><span class=\"indi_mp3j\" style=\"font-size:9.8px;\" id=\"statusMI_0\"><\/span><\/span><\/span><\/div><span class=\"s-nosolution\" id=\"mp3j_nosolution_0\" style=\"display:none;\"><\/span><script>\nMP3jPLAYLISTS.inline_0 = [\n\t{ name: \"1. Kitarakonsertto\", formats: [\"mp3\"], mp3: \"aHR0cDovL3d3dy5zdHluZy5uZXQvZmkvd3AtY29udGVudC91cGxvYWRzLzIwMTIvMTIvS2l0YXJha29uc2VydHRvLm1wMw==\", counterpart:\"\", artist: \"katkelma\", image: \"\", imgurl: \"\" }\n];\n<\/script>\n\n<script>MP3jPLAYERS[0] = { list: MP3jPLAYLISTS.inline_0, tr:0, type:'single', lstate:'', loop:false, play_txt:'&nbsp;&nbsp;&nbsp;&nbsp;&nbsp;', pause_txt:'&nbsp;&nbsp;&nbsp;&nbsp;&nbsp;', pp_title:'', autoplay:false, download:false, vol:100, height:'' };<\/script>\n<div id=\"mp3jWrap_1\" class=\"mjp-s-wrapper s-graphic unsel-mjp  verdana-mjp\" style=\"font-size:14px;\"><span id=\"playpause_wrap_mp3j_1\" class=\"wrap_inline_mp3j\" style=\"font-weight:700;\"><span class=\"gfxbutton_mp3j play-mjp\" id=\"playpause_mp3j_1\" style=\"font-size:14px;\">&nbsp;&nbsp;&nbsp;&nbsp;&nbsp;<\/span>&nbsp;<span class=\"group_wrap\"><span class=\"bars_mp3j\"><span class=\"loadB_mp3j\" id=\"load_mp3j_1\"><\/span><span class=\"posbarB_mp3j\" id=\"posbar_mp3j_1\"><\/span><\/span><span class=\"T_mp3j\" id=\"T_mp3j_1\" style=\"font-size:14px;\">2. Summer Evening<\/span><span class=\"indi_mp3j\" style=\"font-size:9.8px;\" id=\"statusMI_1\"><\/span><\/span><\/span><\/div><span class=\"s-nosolution\" id=\"mp3j_nosolution_1\" style=\"display:none;\"><\/span><script>\nMP3jPLAYLISTS.inline_1 = [\n\t{ name: \"2. Summer\", formats: [\"mp3\"], mp3: \"aHR0cDovL3d3dy5zdHluZy5uZXQvZmkvd3AtY29udGVudC91cGxvYWRzLzIwMTIvMTEvU3VtbWVyLm1wMw==\", counterpart:\"\", artist: \"triosovitus\", image: \"\", imgurl: \"\" }\n];\n<\/script>\n\n<script>MP3jPLAYERS[1] = { list: MP3jPLAYLISTS.inline_1, tr:0, type:'single', lstate:'', loop:false, play_txt:'&nbsp;&nbsp;&nbsp;&nbsp;&nbsp;', pause_txt:'&nbsp;&nbsp;&nbsp;&nbsp;&nbsp;', pp_title:'', autoplay:false, download:false, vol:100, height:'' };<\/script>\n<div id=\"mp3jWrap_2\" class=\"mjp-s-wrapper s-graphic unsel-mjp  verdana-mjp\" style=\"font-size:14px;\"><span id=\"playpause_wrap_mp3j_2\" class=\"wrap_inline_mp3j\" style=\"font-weight:700;\"><span class=\"gfxbutton_mp3j play-mjp\" id=\"playpause_mp3j_2\" style=\"font-size:14px;\">&nbsp;&nbsp;&nbsp;&nbsp;&nbsp;<\/span>&nbsp;<span class=\"group_wrap\"><span class=\"bars_mp3j\"><span class=\"loadB_mp3j\" id=\"load_mp3j_2\"><\/span><span class=\"posbarB_mp3j\" id=\"posbar_mp3j_2\"><\/span><\/span><span class=\"T_mp3j\" id=\"T_mp3j_2\" style=\"font-size:14px;\">3. Kana?<\/span><span class=\"indi_mp3j\" style=\"font-size:9.8px;\" id=\"statusMI_2\"><\/span><\/span><\/span><\/div><span class=\"s-nosolution\" id=\"mp3j_nosolution_2\" style=\"display:none;\"><\/span><script>\nMP3jPLAYLISTS.inline_2 = [\n\t{ name: \"3. Chicken\", formats: [\"mp3\"], mp3: \"aHR0cDovL3d3dy5zdHluZy5uZXQvZmkvd3AtY29udGVudC91cGxvYWRzLzIwMTIvMTEvQ2hpY2tlbi5tcDM=\", counterpart:\"\", artist: \"katkelma\", image: \"\", imgurl: \"\" }\n];\n<\/script>\n\n<script>MP3jPLAYERS[2] = { list: MP3jPLAYLISTS.inline_2, tr:0, type:'single', lstate:'', loop:false, play_txt:'&nbsp;&nbsp;&nbsp;&nbsp;&nbsp;', pause_txt:'&nbsp;&nbsp;&nbsp;&nbsp;&nbsp;', pp_title:'', autoplay:false, download:false, vol:100, height:'' };<\/script>\n<div id=\"mp3jWrap_3\" class=\"mjp-s-wrapper s-graphic unsel-mjp  verdana-mjp\" style=\"font-size:14px;\"><span id=\"playpause_wrap_mp3j_3\" class=\"wrap_inline_mp3j\" style=\"font-weight:700;\"><span class=\"gfxbutton_mp3j play-mjp\" id=\"playpause_mp3j_3\" style=\"font-size:14px;\">&nbsp;&nbsp;&nbsp;&nbsp;&nbsp;<\/span>&nbsp;<span class=\"group_wrap\"><span class=\"bars_mp3j\"><span class=\"loadB_mp3j\" id=\"load_mp3j_3\"><\/span><span class=\"posbarB_mp3j\" id=\"posbar_mp3j_3\"><\/span><\/span><span class=\"T_mp3j\" id=\"T_mp3j_3\" style=\"font-size:14px;\">4. Simple Dance<\/span><span class=\"indi_mp3j\" style=\"font-size:9.8px;\" id=\"statusMI_3\"><\/span><\/span><\/span><\/div><span class=\"s-nosolution\" id=\"mp3j_nosolution_3\" style=\"display:none;\"><\/span><script>\nMP3jPLAYLISTS.inline_3 = [\n\t{ name: \"4. Simple\", formats: [\"mp3\"], mp3: \"aHR0cDovL3d3dy5zdHluZy5uZXQvZmkvd3AtY29udGVudC91cGxvYWRzLzIwMTIvMTEvU2ltcGxlLm1wMw==\", counterpart:\"\", artist: \"triosovitus\", image: \"\", imgurl: \"\" }\n];\n<\/script>\n\n<script>MP3jPLAYERS[3] = { list: MP3jPLAYLISTS.inline_3, tr:0, type:'single', lstate:'', loop:false, play_txt:'&nbsp;&nbsp;&nbsp;&nbsp;&nbsp;', pause_txt:'&nbsp;&nbsp;&nbsp;&nbsp;&nbsp;', pp_title:'', autoplay:false, download:false, vol:100, height:'' };<\/script>\n<div id=\"mp3jWrap_4\" class=\"mjp-s-wrapper s-graphic unsel-mjp  verdana-mjp\" style=\"font-size:14px;\"><span id=\"playpause_wrap_mp3j_4\" class=\"wrap_inline_mp3j\" style=\"font-weight:700;\"><span class=\"gfxbutton_mp3j play-mjp\" id=\"playpause_mp3j_4\" style=\"font-size:14px;\">&nbsp;&nbsp;&nbsp;&nbsp;&nbsp;<\/span>&nbsp;<span class=\"group_wrap\"><span class=\"bars_mp3j\"><span class=\"loadB_mp3j\" id=\"load_mp3j_4\"><\/span><span class=\"posbarB_mp3j\" id=\"posbar_mp3j_4\"><\/span><\/span><span class=\"T_mp3j\" id=\"T_mp3j_4\" style=\"font-size:14px;\">5. Muna?<\/span><span class=\"indi_mp3j\" style=\"font-size:9.8px;\" id=\"statusMI_4\"><\/span><\/span><\/span><\/div><span class=\"s-nosolution\" id=\"mp3j_nosolution_4\" style=\"display:none;\"><\/span><script>\nMP3jPLAYLISTS.inline_4 = [\n\t{ name: \"5. Muna\", formats: [\"mp3\"], mp3: \"aHR0cDovL3d3dy5zdHluZy5uZXQvZmkvd3AtY29udGVudC91cGxvYWRzLzIwMTIvMTEvTXVuYS5tcDM=\", counterpart:\"\", artist: \"katkelma\", image: \"\", imgurl: \"\" }\n];\n<\/script>\n\n<script>MP3jPLAYERS[4] = { list: MP3jPLAYLISTS.inline_4, tr:0, type:'single', lstate:'', loop:false, play_txt:'&nbsp;&nbsp;&nbsp;&nbsp;&nbsp;', pause_txt:'&nbsp;&nbsp;&nbsp;&nbsp;&nbsp;', pp_title:'', autoplay:false, download:false, vol:100, height:'' };<\/script>\n<div id=\"mp3jWrap_5\" class=\"mjp-s-wrapper s-graphic unsel-mjp  verdana-mjp\" style=\"font-size:14px;\"><span id=\"playpause_wrap_mp3j_5\" class=\"wrap_inline_mp3j\" style=\"font-weight:700;\"><span class=\"gfxbutton_mp3j play-mjp\" id=\"playpause_mp3j_5\" style=\"font-size:14px;\">&nbsp;&nbsp;&nbsp;&nbsp;&nbsp;<\/span>&nbsp;<span class=\"group_wrap\"><span class=\"bars_mp3j\"><span class=\"loadB_mp3j\" id=\"load_mp3j_5\"><\/span><span class=\"posbarB_mp3j\" id=\"posbar_mp3j_5\"><\/span><\/span><span class=\"T_mp3j\" id=\"T_mp3j_5\" style=\"font-size:14px;\">6. Love Me Now Mechanical Man<\/span><span class=\"indi_mp3j\" style=\"font-size:9.8px;\" id=\"statusMI_5\"><\/span><\/span><\/span><\/div><span class=\"s-nosolution\" id=\"mp3j_nosolution_5\" style=\"display:none;\"><\/span><script>\nMP3jPLAYLISTS.inline_5 = [\n\t{ name: \"6. Love Me Now Mechanical Man\", formats: [\"mp3\"], mp3: \"aHR0cDovL3d3dy5zdHluZy5uZXQvZmkvd3AtY29udGVudC91cGxvYWRzLzIwMTIvMTEvTG92ZS1NZS1Ob3ctTWVjaGFuaWNhbC1NYW4ubXAz\", counterpart:\"\", artist: \"katkelma\", image: \"\", imgurl: \"\" }\n];\n<\/script>\n\n<script>MP3jPLAYERS[5] = { list: MP3jPLAYLISTS.inline_5, tr:0, type:'single', lstate:'', loop:false, play_txt:'&nbsp;&nbsp;&nbsp;&nbsp;&nbsp;', pause_txt:'&nbsp;&nbsp;&nbsp;&nbsp;&nbsp;', pp_title:'', autoplay:false, download:false, vol:100, height:'' };<\/script>\n<div id=\"mp3jWrap_6\" class=\"mjp-s-wrapper s-graphic unsel-mjp  verdana-mjp\" style=\"font-size:14px;\"><span id=\"playpause_wrap_mp3j_6\" class=\"wrap_inline_mp3j\" style=\"font-weight:700;\"><span class=\"gfxbutton_mp3j play-mjp\" id=\"playpause_mp3j_6\" style=\"font-size:14px;\">&nbsp;&nbsp;&nbsp;&nbsp;&nbsp;<\/span>&nbsp;<span class=\"group_wrap\"><span class=\"bars_mp3j\"><span class=\"loadB_mp3j\" id=\"load_mp3j_6\"><\/span><span class=\"posbarB_mp3j\" id=\"posbar_mp3j_6\"><\/span><\/span><span class=\"T_mp3j\" id=\"T_mp3j_6\" style=\"font-size:14px;\">7. J.Styng_Summer (from Times of Year for four guitars)<span> - Kitarakvartetti Jorma Styng, Andrei Zelenski, Aaro Tamminen, Janne Sihvo<\/span><\/span><span class=\"indi_mp3j\" style=\"font-size:9.8px;\" id=\"statusMI_6\"><\/span><\/span><\/span><\/div><span class=\"s-nosolution\" id=\"mp3j_nosolution_6\" style=\"display:none;\"><\/span><script>\nMP3jPLAYLISTS.inline_6 = [\n\t{ name: \"7. J.Styng_Summer (from Times of Year for four guitars)\", formats: [\"mp3\"], mp3: \"aHR0cDovL3d3dy5zdHluZy5uZXQvZmkvd3AtY29udGVudC91cGxvYWRzLzIwMTkvMDMvSi5TdHluZ19TdW1tZXItZnJvbS1UaW1lcy1vZi1ZZWFyLWZvci1mb3VyLWd1aXRhcnMubXAz\", counterpart:\"\", artist: \"Kitarakvartetti Jorma Styng, Andrei Zelenski, Aaro Tamminen, Janne Sihvo\", image: \"\", imgurl: \"\" }\n];\n<\/script>\n\n<script>MP3jPLAYERS[6] = { list: MP3jPLAYLISTS.inline_6, tr:0, type:'single', lstate:'', loop:false, play_txt:'&nbsp;&nbsp;&nbsp;&nbsp;&nbsp;', pause_txt:'&nbsp;&nbsp;&nbsp;&nbsp;&nbsp;', pp_title:'', autoplay:false, download:false, vol:100, height:'' };<\/script>\n<div id=\"mp3jWrap_7\" class=\"mjp-s-wrapper s-graphic unsel-mjp  verdana-mjp\" style=\"font-size:14px;\"><span id=\"playpause_wrap_mp3j_7\" class=\"wrap_inline_mp3j\" style=\"font-weight:700;\"><span class=\"gfxbutton_mp3j play-mjp\" id=\"playpause_mp3j_7\" style=\"font-size:14px;\">&nbsp;&nbsp;&nbsp;&nbsp;&nbsp;<\/span>&nbsp;<span class=\"group_wrap\"><span class=\"bars_mp3j\"><span class=\"loadB_mp3j\" id=\"load_mp3j_7\"><\/span><span class=\"posbarB_mp3j\" id=\"posbar_mp3j_7\"><\/span><\/span><span class=\"T_mp3j\" id=\"T_mp3j_7\" style=\"font-size:14px;\">8. J.Styng; Kasvatuslaulu<span> - Lassi Vierikko & yhtye<\/span><\/span><span class=\"indi_mp3j\" style=\"font-size:9.8px;\" id=\"statusMI_7\"><\/span><\/span><\/span><\/div><span class=\"s-nosolution\" id=\"mp3j_nosolution_7\" style=\"display:none;\"><\/span><script>\nMP3jPLAYLISTS.inline_7 = [\n\t{ name: \"8. J.Styng; Kasvatuslaulu\", formats: [\"mp3\"], mp3: \"aHR0cDovL3d3dy5zdHluZy5uZXQvZmkvd3AtY29udGVudC91cGxvYWRzLzIwMjEvMDYvSi4tU3R5bmctS2FzdmF0dXNsYXVsdS4tTGFzc2ktVmllcmlra28tbGF1bHUtSm9ybWEtU3R5bmcta2l0YXJhLU1hcmtvLUhhbm51bGEtaGFybW9uaWtrYS1NaWNoYWVsLU1jRG9uYWxkLW1hbmRvbGlpbmktSGFucy1QZXRlci1LbGludHJ1cC1iYXNzby4ubXAz\", counterpart:\"\", artist: \"Lassi Vierikko & yhtye\", image: \"\", imgurl: \"\" }\n];\n<\/script>\n\n<script>MP3jPLAYERS[7] = { list: MP3jPLAYLISTS.inline_7, tr:0, type:'single', lstate:'', loop:false, play_txt:'&nbsp;&nbsp;&nbsp;&nbsp;&nbsp;', pause_txt:'&nbsp;&nbsp;&nbsp;&nbsp;&nbsp;', pp_title:'', autoplay:false, download:false, vol:100, height:'' };<\/script>\n<p>&nbsp;<\/p>\n<p>T\u00e4ss\u00e4 viel\u00e4 yksi ralli:<\/p>\n<p><a href=\"http:\/\/www.styng.net\/fi\/wp-content\/uploads\/2021\/06\/Kasvatuslaulu.pdf\">Kasvatuslaulu<\/a><\/p>\n\n\n<p class=\"wp-block-paragraph\"><\/p>\n","protected":false},"excerpt":{"rendered":"<p>&nbsp; T\u00e4ss\u00e4 viel\u00e4 yksi ralli: Kasvatuslaulu<\/p>\n","protected":false},"author":1,"featured_media":0,"parent":0,"menu_order":0,"comment_status":"open","ping_status":"closed","template":"","meta":{"_crdt_document":"","ngg_post_thumbnail":0,"footnotes":""},"class_list":["post-31","page","type-page","status-publish","hentry"],"_links":{"self":[{"href":"http:\/\/www.styng.net\/fi\/wp-json\/wp\/v2\/pages\/31","targetHints":{"allow":["GET"]}}],"collection":[{"href":"http:\/\/www.styng.net\/fi\/wp-json\/wp\/v2\/pages"}],"about":[{"href":"http:\/\/www.styng.net\/fi\/wp-json\/wp\/v2\/types\/page"}],"author":[{"embeddable":true,"href":"http:\/\/www.styng.net\/fi\/wp-json\/wp\/v2\/users\/1"}],"replies":[{"embeddable":true,"href":"http:\/\/www.styng.net\/fi\/wp-json\/wp\/v2\/comments?post=31"}],"version-history":[{"count":20,"href":"http:\/\/www.styng.net\/fi\/wp-json\/wp\/v2\/pages\/31\/revisions"}],"predecessor-version":[{"id":3002,"href":"http:\/\/www.styng.net\/fi\/wp-json\/wp\/v2\/pages\/31\/revisions\/3002"}],"wp:attachment":[{"href":"http:\/\/www.styng.net\/fi\/wp-json\/wp\/v2\/media?parent=31"}],"curies":[{"name":"wp","href":"https:\/\/api.w.org\/{rel}","templated":true}]}}