{"id":798,"date":"2014-03-16T18:04:42","date_gmt":"2014-03-16T18:04:42","guid":{"rendered":"http:\/\/www.styng.net\/fi\/?page_id=798"},"modified":"2014-03-16T18:04:42","modified_gmt":"2014-03-16T18:04:42","slug":"vedic-art-2","status":"publish","type":"page","link":"http:\/\/www.styng.net\/fi\/vedic-art-2\/","title":{"rendered":"Vedic Art"},"content":{"rendered":"<p><strong>VEDIC ART?<\/strong><\/p>\n<p>Vedic Art on uudenlainen taidekoulutusmuoto, ts. taiteen 17 prinsiipin (perusperiaatteen) menetelm\u00e4, joka toimii tien\u00e4 l\u00f6yt\u00e4\u00e4 taiteilija meist\u00e4 jokaisesta. Vedic Art koetaan maalaamalla, sit\u00e4 ei voi teorian tavoin ilmaista sanoin. Se ei ole tyylisuunta, ismi tai uskonto, vaan taiteen tekemisen taustalla vaikuttava taiteilijan henkinen inspiraatio. Prinsiipit auttavat meit\u00e4 tulemaan tietoisiksi luomisen mekanismeista, ts. luonnon toimintatavoista. Niiden teht\u00e4v\u00e4 on her\u00e4tt\u00e4\u00e4 ja vapauttaa jokaisessa ihmisess\u00e4 oleva liikkeellepaneva voima, joka k\u00e4ynnist\u00e4\u00e4 ja pit\u00e4\u00e4 yll\u00e4 kaikilla el\u00e4m\u00e4nalueilla toimivaa luovaa prosessia. Kyse on eri luomisvaiheiden tiedostamisesta, ensin kuvissa &#8211; sitten el\u00e4m\u00e4ss\u00e4. Kun alamme tehd\u00e4 oikeita valintoja, luonto antaa tukensa meille.<\/p>\n<p><strong><i>&#8221;Taiteen 17 prinsiipin eli periaatteen avulla <\/i><\/strong><i><br \/>\n<strong>maalaaja l\u00f6yt\u00e4\u00e4 syvemm\u00e4n tietoisuutensa.<\/strong><b><br \/>\n<strong>Kontrolloiva \u00e4ly muuttuu luovaksi \u00e4lyksi.<\/strong><br \/>\n<strong>Sen j\u00e4lkeen prinsiipit voi unohtaa.<\/strong><\/b><\/i><\/p>\n<p><strong>Koulutus<\/strong><\/p>\n<p>Taiteen 17 prinsiipin menetelm\u00e4n perustana on noin 30 tunnin pituinen <strong>peruskurssi<\/strong>, jonka aikana opitaan nuo kaikki seitsem\u00e4ntoista eri vaihetta tai askelta.<\/p>\n<p>Jatkuvaluonteisilla <strong>jatkokursseilla <\/strong>kerrataan, syvennet\u00e4\u00e4n ja opitaan lis\u00e4\u00e4 vediseen tietoon perustuvia maalausta kehitt\u00e4vi\u00e4 asioita. Jatkokursseja on kahden tyyppisi\u00e4:<br \/>\n<strong>&#8211; viikonlopun pituisia lyhyit\u00e4 maalausprosessin k\u00e4ynnist\u00e4vi\u00e4 jatkokursseja<\/strong><br \/>\n<strong>&#8211; pitki\u00e4 jatkokursseja, yhden tai useamman viikon pituisia syvent\u00e4vi\u00e4 maalaamisrupeamia<\/strong>, jotka auttavat tiedostamaan luovan prosessin eri vaiheita ja tukevat kuvanteon etenemist\u00e4.<\/p>\n<p><strong>Kenelle Vedic Art -taidekoulutusta?<\/strong><\/p>\n<p>Vedic Art on tarkoitettu kaikenik\u00e4isille, alasta riippumatta, taiteen harrastajille ja ammattilaisillekin. Maalaaminen on el\u00e4m\u00e4nikuinen prosessi, jota voi kehitt\u00e4\u00e4 ryhmiss\u00e4 ja yksin ollessaan, ohjattuna kursseilla ja itsen\u00e4isesti, \u00ad koko el\u00e4m\u00e4n ajan.<\/p>\n<p><em><b>&#8221;Kun on tutustunut luovuuden prosessiin,<\/b><\/em><b><i><br \/>\n<em>ottaakin oman tilansa eik\u00e4 ole en\u00e4\u00e4 ohjailtavissa.<\/em><br \/>\n<em>Asioita alkaa n\u00e4hd\u00e4 laajemmin, ja voi tehd\u00e4 rohkeammin valintoja,<\/em><br \/>\n<em>el\u00e4\u00e4 muutoksessa ja p\u00e4\u00e4st\u00e4 irti vanhasta.<\/em><br \/>\n<em>Vedic Art\u00b4ia voi harrastraa i\u00e4st\u00e4 riippumatta ja<\/em><br \/>\n<em>piirustustaidotonkin saa ideansa siveltimen v\u00e4lityksell\u00e4 kuviksi.<\/em><br \/>\n<em>Ihminen ei ole erillinen olento,<\/em><br \/>\n<em>vaan osanen maailmankaikkeuden kokonaisuudesta<\/em><br \/>\n<em>ja ett\u00e4 sis\u00e4lt\u00e4 ohjautuva tieto on edelleen meiss\u00e4 jokaisessa.<\/em><br \/>\n<em>Aikojen saatossa ulkoaohjautuva kulttuurimme<\/em><br \/>\n<em>on vain vieroittanut meid\u00e4t siit\u00e4.&#8221;<\/em><\/i><\/b><\/p>\n<p><strong>Toiminta Suomessa<\/strong><\/p>\n<p>Vedic Art -taidekoulutus on laajalle levinnyt ilmi\u00f6 Suomessa. Peruskursseja on pidetty vuodesta 1995. My\u00f6s jatkokursseja on pidetty melkein yht\u00e4 pitk\u00e4\u00e4n. Vuodesta 1997 Vedic Art -opettajia on koulutettu jo yli 150 Suomessa, joista noin parikymment\u00e4 prosenttia toimii aktiivisesti. Koulutusta j\u00e4rjestet\u00e4\u00e4n suomalaisten opettajien ohjauksessa ymp\u00e4ri vuoden eri puolilla Suomea.<\/p>\n<p><strong>Toimintaperiaatteet<\/strong><\/p>\n<p>Vedic Art on ruotsalaisen kuvataiteilijan<a href=\"http:\/\/www.vedicart.fi\/?cat=8\"> Curt K\u00e4llmanin <\/a>kehitt\u00e4m\u00e4 taidekoulutusmuoto. Vedic Art on Ruotsissa h\u00e4nen nimell\u00e4\u00e4n rekister\u00f6ity tavaramerkki. Vedic Art edustaa liikett\u00e4, joka pyrkii luomaan puitteet ihmisten vapaaseen taiteelliseen toimintaan, eik\u00e4 se ole sitoutunut mink\u00e4\u00e4nlaiseen organisaatioon kuten yhdistys, j\u00e4rjest\u00f6, liitto tai seura. Suomen yhteyshenkil\u00f6n\u00e4 toimii kuvataiteilija Pirjo Hirvonen.<\/p>\n","protected":false},"excerpt":{"rendered":"<p>VEDIC ART? Vedic Art on uudenlainen taidekoulutusmuoto, ts. taiteen 17 prinsiipin (perusperiaatteen) menetelm\u00e4, joka toimii tien\u00e4 l\u00f6yt\u00e4\u00e4 taiteilija meist\u00e4 jokaisesta. Vedic Art koetaan maalaamalla, sit\u00e4 ei voi teorian tavoin ilmaista [&hellip;]<\/p>\n","protected":false},"author":1,"featured_media":0,"parent":0,"menu_order":0,"comment_status":"open","ping_status":"open","template":"","meta":{"_crdt_document":"","ngg_post_thumbnail":0,"footnotes":""},"class_list":["post-798","page","type-page","status-publish","hentry"],"_links":{"self":[{"href":"http:\/\/www.styng.net\/fi\/wp-json\/wp\/v2\/pages\/798","targetHints":{"allow":["GET"]}}],"collection":[{"href":"http:\/\/www.styng.net\/fi\/wp-json\/wp\/v2\/pages"}],"about":[{"href":"http:\/\/www.styng.net\/fi\/wp-json\/wp\/v2\/types\/page"}],"author":[{"embeddable":true,"href":"http:\/\/www.styng.net\/fi\/wp-json\/wp\/v2\/users\/1"}],"replies":[{"embeddable":true,"href":"http:\/\/www.styng.net\/fi\/wp-json\/wp\/v2\/comments?post=798"}],"version-history":[{"count":1,"href":"http:\/\/www.styng.net\/fi\/wp-json\/wp\/v2\/pages\/798\/revisions"}],"predecessor-version":[{"id":799,"href":"http:\/\/www.styng.net\/fi\/wp-json\/wp\/v2\/pages\/798\/revisions\/799"}],"wp:attachment":[{"href":"http:\/\/www.styng.net\/fi\/wp-json\/wp\/v2\/media?parent=798"}],"curies":[{"name":"wp","href":"https:\/\/api.w.org\/{rel}","templated":true}]}}