{"id":8,"date":"2012-11-14T13:07:13","date_gmt":"2012-11-14T13:07:13","guid":{"rendered":"http:\/\/www.styng.net\/fi\/?page_id=8"},"modified":"2021-12-26T15:01:29","modified_gmt":"2021-12-26T13:01:29","slug":"etusivu","status":"publish","type":"page","link":"http:\/\/www.styng.net\/fi\/","title":{"rendered":"Etusivu"},"content":{"rendered":"<p><a href=\"http:\/\/www.styng.net\/fi\/wp-content\/uploads\/2012\/11\/226589_1876085874297_1554086_n.jpg\"><img loading=\"lazy\" decoding=\"async\" class=\"alignleft size-medium wp-image-236\" title=\"Suohiihtokilpailuissa\" src=\"http:\/\/www.styng.net\/fi\/wp-content\/uploads\/2012\/11\/226589_1876085874297_1554086_n-200x300.jpg\" alt=\"\" width=\"229\" height=\"343\" srcset=\"http:\/\/www.styng.net\/fi\/wp-content\/uploads\/2012\/11\/226589_1876085874297_1554086_n-200x300.jpg 200w, http:\/\/www.styng.net\/fi\/wp-content\/uploads\/2012\/11\/226589_1876085874297_1554086_n.jpg 480w\" sizes=\"auto, (max-width: 229px) 100vw, 229px\" \/><\/a><\/p>\n<p>Hei! Nimeni on Jorma Styng. Olen oululainen s\u00e4vel- ja kuvataiteilija (=kitarataiteilija\/s\u00e4velt\u00e4j\u00e4\/kuvataiteilija) tai kuva- ja s\u00e4veltaiteilija (=kuvataiteilija\/s\u00e4velt\u00e4j\u00e4\/kitarataiteilija), omasta mielest\u00e4ni tarpeeksi hyv\u00e4 ihmiseksi.<\/p>\n<p align=\"justify\">Kuvataiteen alalla teen p\u00e4\u00e4asiassa maalauksia ja veistoksia. T\u00f6it\u00e4ni on n\u00e4ht\u00e4viss\u00e4 n\u00e4iden sivujen galleriaosastoilla, sek\u00e4&nbsp;aika ajoin pit\u00e4miss\u00e4ni taiden\u00e4yttelyiss\u00e4. Teoksiani voi my\u00f6s vuokrata tai ostaa <a href=\"http:\/\/taidelainaamo.artoulu.fi\/public\/go.php?action=artist&amp;artist_id=106992&amp;sel=37\">ARTo taidelainaamo- ja myym\u00e4l\u00e4st\u00e4.<\/a><\/p>\n<p align=\"justify\">S\u00e4velt\u00e4j\u00e4n\u00e4 olen tehnyt musiikkia tyylillisesti laidasta laitaan, mutta konserttimusiikki on ehk\u00e4 l\u00e4hinn\u00e4 sisint\u00e4ni &#8211; tai sitten ei. En ole mitenk\u00e4\u00e4n erityisen innostunut musiikin lokeroinnista ja uskaltaisinkin kuvailla itse\u00e4ni kaikkiruokaiseksi t\u00e4m\u00e4n taidemuodon suhteen &#8211; kaikki k\u00e4y, jos se koskettaa sisint\u00e4ni. Sama koskee kaikkia taidemuotoja. Olen naimisissa, kaksi aikuista lasta (s. 1992 ja 1994), yksi lapsi edellisest\u00e4 avioliitosta (k. 2004).<\/p>\n<p align=\"justify\">Musiikin puolella p\u00e4\u00e4instrumenttini on kitara.<\/p>\n<p align=\"justify\">&nbsp;<\/p>\n","protected":false},"excerpt":{"rendered":"<p>Hei! Nimeni on Jorma Styng. Olen oululainen s\u00e4vel- ja kuvataiteilija (=kitarataiteilija\/s\u00e4velt\u00e4j\u00e4\/kuvataiteilija) tai kuva- ja s\u00e4veltaiteilija (=kuvataiteilija\/s\u00e4velt\u00e4j\u00e4\/kitarataiteilija), omasta mielest\u00e4ni tarpeeksi hyv\u00e4 ihmiseksi. Kuvataiteen alalla teen p\u00e4\u00e4asiassa maalauksia ja veistoksia. T\u00f6it\u00e4ni on [&hellip;]<\/p>\n","protected":false},"author":1,"featured_media":0,"parent":0,"menu_order":0,"comment_status":"closed","ping_status":"closed","template":"","meta":{"_crdt_document":"","ngg_post_thumbnail":0,"footnotes":""},"class_list":["post-8","page","type-page","status-publish","hentry"],"_links":{"self":[{"href":"http:\/\/www.styng.net\/fi\/wp-json\/wp\/v2\/pages\/8","targetHints":{"allow":["GET"]}}],"collection":[{"href":"http:\/\/www.styng.net\/fi\/wp-json\/wp\/v2\/pages"}],"about":[{"href":"http:\/\/www.styng.net\/fi\/wp-json\/wp\/v2\/types\/page"}],"author":[{"embeddable":true,"href":"http:\/\/www.styng.net\/fi\/wp-json\/wp\/v2\/users\/1"}],"replies":[{"embeddable":true,"href":"http:\/\/www.styng.net\/fi\/wp-json\/wp\/v2\/comments?post=8"}],"version-history":[{"count":28,"href":"http:\/\/www.styng.net\/fi\/wp-json\/wp\/v2\/pages\/8\/revisions"}],"predecessor-version":[{"id":2834,"href":"http:\/\/www.styng.net\/fi\/wp-json\/wp\/v2\/pages\/8\/revisions\/2834"}],"wp:attachment":[{"href":"http:\/\/www.styng.net\/fi\/wp-json\/wp\/v2\/media?parent=8"}],"curies":[{"name":"wp","href":"https:\/\/api.w.org\/{rel}","templated":true}]}}